{"id":1073,"date":"2024-01-10T01:53:58","date_gmt":"2024-01-09T18:53:58","guid":{"rendered":"https:\/\/biocharvietnam.org\/?page_id=1073"},"modified":"2024-03-14T18:01:53","modified_gmt":"2024-03-14T11:01:53","slug":"su-kien","status":"publish","type":"page","link":"https:\/\/biocharvietnam.org\/vi\/nguon-tham-khao\/su-kien\/","title":{"rendered":"S\u1ef1 ki\u1ec7n"},"content":{"rendered":"\n  <div class=\"banner has-hover has-parallax\" id=\"banner-1994381950\">\n          <div class=\"banner-inner fill\">\n        <div class=\"banner-bg fill\" data-parallax=\"-2\" data-parallax-container=\".banner\" data-parallax-background>\n            <img loading=\"lazy\" decoding=\"async\" width=\"1020\" height=\"311\" src=\"https:\/\/biocharvietnam.org\/wp-content\/uploads\/2024\/01\/Nature-10-scaled-e1704445510659-1400x427.avif\" class=\"bg attachment-large size-large\" alt=\"\" \/>                        <div class=\"overlay\"><\/div>            \n                    <\/div>\n\t\t\n        <div class=\"banner-layers container\">\n            <div class=\"fill banner-link\"><\/div>            \n   <div id=\"text-box-1280717713\" class=\"text-box banner-layer x50 md-x50 lg-x50 y70 md-y70 lg-y70 res-text\">\n                                <div class=\"text-box-content text \">\n              \n              <div class=\"text-inner text-center\">\n                  \n\t<div id=\"text-1905738628\" class=\"text\">\n\t\t\n<h3 class=\"uppercase\"><b>S\u1ef0 KI\u1ec6N v\u1ec1 than sinh h\u1ecdc<\/b><\/h3>\n\t\t\n<style>\n#text-1905738628 {\n  color: rgb(255,255,255);\n}\n#text-1905738628 > * {\n  color: rgb(255,255,255);\n}\n<\/style>\n\t<\/div>\n\t\n<div class=\"is-divider divider clearfix\" style=\"max-width:67px;height:5px;\"><\/div>\n              <\/div>\n           <\/div>\n                            \n<style>\n#text-box-1280717713 {\n  width: 60%;\n}\n#text-box-1280717713 .text-box-content {\n  font-size: 100%;\n}\n<\/style>\n    <\/div>\n \n        <\/div>\n      <\/div>\n\n            \n<style>\n#banner-1994381950 {\n  padding-top: 300px;\n}\n#banner-1994381950 .overlay {\n  background-color: rgba(255, 255, 255, 0.233);\n}\n#banner-1994381950 .banner-bg img {\n  object-position: 100% 100%;\n}\n<\/style>\n  <\/div>\n\n\n<div class=\"container section-title-container\" ><h2 class=\"section-title section-title-center\"><b aria-hidden=\"true\"><\/b><span class=\"section-title-main\" >S\u1ef0 KI\u1ec6N \u0110\u00c3 TRI\u1ec2N KHAI<\/span><b aria-hidden=\"true\"><\/b><\/h2><\/div>\n\t<div id=\"gap-1716507989\" class=\"gap-element clearfix\" style=\"display:block; height:auto;\">\n\t\t\n<style>\n#gap-1716507989 {\n  padding-top: 30px;\n}\n<\/style>\n\t<\/div>\n\t\n  <style>\n    #portfolio-1919411372 .grid-col-1{height: 600px}\n    #portfolio-1919411372 .grid-col-1-2{height: 300px}\n    #portfolio-1919411372 .grid-col-1-3{height:200px}\n    #portfolio-1919411372 .grid-col-2-3{height: 400px}\n    #portfolio-1919411372 .grid-col-1-4{height: 150px}\n    #portfolio-1919411372 .grid-col-3-4{height: 450px}\n\n\n        \/* Tablet *\/\n    @media (max-width: 850px){\n      #portfolio-1919411372 .grid-col-1{height: 400px}\n      #portfolio-1919411372 .grid-col-1-2{height: 200px}\n      #portfolio-1919411372 .grid-col-1-3{height:133.33333333333px}\n      #portfolio-1919411372 .grid-col-2-3{height: 266.66666666667px}\n      #portfolio-1919411372 .grid-col-1-4{height: 100px}\n      #portfolio-1919411372 .grid-col-3-4{height: 300px}\n    }\n    \n        \/* Mobile *\/\n    @media (max-width: 550px){\n      #portfolio-1919411372 .grid-col-1{height: 400px}\n      #portfolio-1919411372 .grid-col-1-2{height: 200px}\n      #portfolio-1919411372 .grid-col-1-3{height:133.33333333333px}\n      #portfolio-1919411372 .grid-col-2-3{height: 266.66666666667px}\n      #portfolio-1919411372 .grid-col-1-4{height: 100px}\n      #portfolio-1919411372 .grid-col-3-4{height: 300px}\n    }\n    \n\n  <\/style>\n  <div id=\"portfolio-1919411372\" class=\"portfolio-element-wrapper has-filtering\">\n  \n    <div id=\"portfolio-1919411372\" class=\"row row-small row-grid\" data-packery-options='{\"itemSelector\": \".col\", \"gutter\": 0, \"presentageWidth\" : true}'>\n\n    <div class=\"col grid-col grid-col-1 large-12 medium-12\" data-terms=\"[&quot;S\u1ef0 KI\u1ec6N \u0110\u00c3 TRI\u1ec2N KHAI&quot;]\" >\n          <div class=\"col-inner\" >\n          <a href=\"https:\/\/biocharvietnam.org\/vi\/featured_item\/cuoc-hop-tham-van-ve-than-sinh-hoc-tai-viet-nam-to-chuc-vao-ngay-18-3-2024\/\" class=\"plain \">\n          <div class=\"portfolio-box box has-hover box-overlay dark\">\n            <div class=\"box-image\" >\n                <div class=\"image-cover\" style=\"padding-top:100%;\">\n                <img loading=\"lazy\" decoding=\"async\" width=\"800\" height=\"600\" src=\"https:\/\/biocharvietnam.org\/wp-content\/uploads\/2024\/03\/than-sinh-hoc-biochar-la-gi.avif\" class=\"attachment-large size-large\" alt=\"\" \/>                <div class=\"overlay\" style=\"background-color:1\"><\/div>                                <\/div>\n            <\/div>\n            <div class=\"box-text show-on-hover hover-bounce text-center is-large\" >\n                  <div class=\"box-text-inner\">\n                      <h6 class=\"uppercase portfolio-box-title\">CU\u1ed8C H\u1eccP THAM V\u1ea4N V\u1ec0 D\u1ef0 TH\u1ea2O B\u00c1O C\u00c1O R\u00c0 SO\u00c1T V\u00c0 KHUY\u1ebeN NGH\u1eca CH\u00cdNH S\u00c1CH NH\u1eb0M TH\u00daC \u0110\u1ea8Y S\u1ea2N XU\u1ea4T V\u00c0 S\u1eec D\u1ee4NG THAN SINH H\u1eccC T\u1ea0I VI\u1ec6T NAM<\/h6>\n                      <p class=\"uppercase portfolio-box-category is-xsmall op-6\">\n                        <span class=\"show-on-hover\">\n                         S\u1ef0 KI\u1ec6N \u0110\u00c3 TRI\u1ec2N KHAI                        <\/span>\n                      <\/p>\n                  <\/div>\n            <\/div>\n           <\/div>\n           <\/a>\n           <\/div>\n           <\/div><div class=\"col grid-col grid-col-1-3 large-4 medium-12\" data-terms=\"[&quot;S\u1ef0 KI\u1ec6N \u0110\u00c3 TRI\u1ec2N KHAI&quot;]\" >\n          <div class=\"col-inner\" >\n          <a href=\"https:\/\/biocharvietnam.org\/vi\/featured_item\/hoi-thao-ve-tiem-nang-cua-than-sinh-hoc-giai-cacbon-trong-nganh-nong-nghiep-to-chuc-ngay-14-thang-9-nam-2022\/\" class=\"plain \">\n          <div class=\"portfolio-box box has-hover box-overlay dark\">\n            <div class=\"box-image\" >\n                <div class=\"image-cover\" style=\"padding-top:100%;\">\n                <img loading=\"lazy\" decoding=\"async\" width=\"280\" height=\"280\" src=\"https:\/\/biocharvietnam.org\/wp-content\/uploads\/2024\/01\/Overview-2-1-280x280.avif\" class=\"attachment-thumbnail size-thumbnail\" alt=\"\" \/>                <div class=\"overlay\" style=\"background-color:1\"><\/div>                                <\/div>\n            <\/div>\n            <div class=\"box-text show-on-hover hover-bounce text-center is-large\" >\n                  <div class=\"box-text-inner\">\n                      <h6 class=\"uppercase portfolio-box-title\">H\u1ed8I TH\u1ea2O V\u1ec0 TI\u1ec0M N\u0102NG C\u1ee6A THAN SINH H\u1eccC NH\u1eb0M GI\u1ea2M CARBON TRONG NG\u00c0NH N\u00d4NG NGHI\u1ec6P T\u1ed4 CH\u1ee8C NG\u00c0Y 14\/09\/2022<\/h6>\n                      <p class=\"uppercase portfolio-box-category is-xsmall op-6\">\n                        <span class=\"show-on-hover\">\n                         S\u1ef0 KI\u1ec6N \u0110\u00c3 TRI\u1ec2N KHAI                        <\/span>\n                      <\/p>\n                  <\/div>\n            <\/div>\n           <\/div>\n           <\/a>\n           <\/div>\n           <\/div><div class=\"col grid-col grid-col-1-3 large-4 medium-12\" data-terms=\"[&quot;S\u1ef0 KI\u1ec6N \u0110\u00c3 TRI\u1ec2N KHAI&quot;]\" >\n          <div class=\"col-inner\" >\n          <a href=\"https:\/\/biocharvietnam.org\/vi\/featured_item\/hoi-thao-xay-dung-nang-luc-ve-than-sinh-hoc-cai-thien-dat-to-chuc-19-03-2022\/\" class=\"plain \">\n          <div class=\"portfolio-box box has-hover box-overlay dark\">\n            <div class=\"box-image\" >\n                <div class=\"image-cover\" style=\"padding-top:100%;\">\n                <img loading=\"lazy\" decoding=\"async\" width=\"280\" height=\"280\" src=\"https:\/\/biocharvietnam.org\/wp-content\/uploads\/2024\/01\/WS-on-biochar-280x280.avif\" class=\"attachment-thumbnail size-thumbnail\" alt=\"\" srcset=\"https:\/\/biocharvietnam.org\/wp-content\/uploads\/2024\/01\/WS-on-biochar-280x280.avif 280w, https:\/\/biocharvietnam.org\/wp-content\/uploads\/2024\/01\/WS-on-biochar-400x400.avif 400w, https:\/\/biocharvietnam.org\/wp-content\/uploads\/2024\/01\/WS-on-biochar-800x800.avif 800w, https:\/\/biocharvietnam.org\/wp-content\/uploads\/2024\/01\/WS-on-biochar-768x768.avif 768w, https:\/\/biocharvietnam.org\/wp-content\/uploads\/2024\/01\/WS-on-biochar.jpg 1466w\" sizes=\"auto, (max-width: 280px) 100vw, 280px\" \/>                <div class=\"overlay\" style=\"background-color:1\"><\/div>                                <\/div>\n            <\/div>\n            <div class=\"box-text show-on-hover hover-bounce text-center is-large\" >\n                  <div class=\"box-text-inner\">\n                      <h6 class=\"uppercase portfolio-box-title\">H\u1ed8I TH\u1ea2O X\u00c2Y D\u1ef0NG N\u0102NG L\u1ef0C V\u1ec0 C\u1ea2I T\u1ea0O \u0110\u1ea4T B\u1eb0NG THAN SINH H\u1eccC T\u1ed4 CH\u1ee8C 19\/03\/2022<\/h6>\n                      <p class=\"uppercase portfolio-box-category is-xsmall op-6\">\n                        <span class=\"show-on-hover\">\n                         S\u1ef0 KI\u1ec6N \u0110\u00c3 TRI\u1ec2N KHAI                        <\/span>\n                      <\/p>\n                  <\/div>\n            <\/div>\n           <\/div>\n           <\/a>\n           <\/div>\n           <\/div><div class=\"col grid-col grid-col-1-3 large-4 medium-12\" data-terms=\"[&quot;S\u1ef0 KI\u1ec6N \u0110\u00c3 TRI\u1ec2N KHAI&quot;]\" >\n          <div class=\"col-inner\" >\n          <a href=\"https:\/\/biocharvietnam.org\/vi\/featured_item\/su-kien-chuyen-giao-cong-nghe-to-chuc-ngay-25-thang-2-nam-2022\/\" class=\"plain \">\n          <div class=\"portfolio-box box has-hover box-overlay dark\">\n            <div class=\"box-image\" >\n                <div class=\"image-cover\" style=\"padding-top:100%;\">\n                <img loading=\"lazy\" decoding=\"async\" width=\"280\" height=\"280\" src=\"https:\/\/biocharvietnam.org\/wp-content\/uploads\/2024\/01\/Anh-Du-an-Nhiet-phan_02-e1704341923783-280x280.avif\" class=\"attachment-thumbnail size-thumbnail\" alt=\"\" \/>                <div class=\"overlay\" style=\"background-color:1\"><\/div>                                <\/div>\n            <\/div>\n            <div class=\"box-text show-on-hover hover-bounce text-center is-large\" >\n                  <div class=\"box-text-inner\">\n                      <h6 class=\"uppercase portfolio-box-title\">S\u1ef0 KI\u1ec6N CHUY\u1ec2N GIAO C\u00d4NG NGH\u1ec6 T\u1ed4 CH\u1ee8C NG\u00c0Y 25\/02\/2022<\/h6>\n                      <p class=\"uppercase portfolio-box-category is-xsmall op-6\">\n                        <span class=\"show-on-hover\">\n                         S\u1ef0 KI\u1ec6N \u0110\u00c3 TRI\u1ec2N KHAI                        <\/span>\n                      <\/p>\n                  <\/div>\n            <\/div>\n           <\/div>\n           <\/a>\n           <\/div>\n           <\/div><div class=\"col grid-col grid-col-1-3 large-4 medium-12\" data-terms=\"[&quot;S\u1ef0 KI\u1ec6N \u0110\u00c3 TRI\u1ec2N KHAI&quot;]\" >\n          <div class=\"col-inner\" >\n          <a href=\"https:\/\/biocharvietnam.org\/vi\/featured_item\/su-kien-mang-luoi-nham-phat-trien-thi-truong-tin-dung-sinh-hoc-tai-viet-nam-to-chuc-vao-ngay-16-thang-9-nam-2022\/\" class=\"plain \">\n          <div class=\"portfolio-box box has-hover box-overlay dark\">\n            <div class=\"box-image\" >\n                <div class=\"image-cover\" style=\"padding-top:100%;\">\n                <img loading=\"lazy\" decoding=\"async\" width=\"280\" height=\"280\" src=\"https:\/\/biocharvietnam.org\/wp-content\/uploads\/2024\/01\/Group-2-1-280x280.avif\" class=\"attachment-thumbnail size-thumbnail\" alt=\"\" \/>                <div class=\"overlay\" style=\"background-color:1\"><\/div>                                <\/div>\n            <\/div>\n            <div class=\"box-text show-on-hover hover-bounce text-center is-large\" >\n                  <div class=\"box-text-inner\">\n                      <h6 class=\"uppercase portfolio-box-title\">S\u1ef0 KI\u1ec6N K\u1ebeT N\u1ed0I NH\u1eb0M PH\u00c1T TRI\u1ec2N TH\u1eca TR\u01af\u1edcNG CHO THAN SINH H\u1eccC T\u1ea0I VI\u1ec6T NAM T\u1ed4 CH\u1ee8C V\u00c0O NG\u00c0Y 16\/09\/2022<\/h6>\n                      <p class=\"uppercase portfolio-box-category is-xsmall op-6\">\n                        <span class=\"show-on-hover\">\n                         S\u1ef0 KI\u1ec6N \u0110\u00c3 TRI\u1ec2N KHAI                        <\/span>\n                      <\/p>\n                  <\/div>\n            <\/div>\n           <\/div>\n           <\/a>\n           <\/div>\n           <\/div><\/div><\/div>\n<div class=\"container section-title-container\" ><h2 class=\"section-title section-title-center\"><b aria-hidden=\"true\"><\/b><span class=\"section-title-main\" >S\u1ef0 KI\u1ec6N S\u1eaeP T\u1edaI<\/span><b aria-hidden=\"true\"><\/b><\/h2><\/div>\n  <style>\n    #portfolio-1952017772 .grid-col-1{height: 600px}\n    #portfolio-1952017772 .grid-col-1-2{height: 300px}\n    #portfolio-1952017772 .grid-col-1-3{height:200px}\n    #portfolio-1952017772 .grid-col-2-3{height: 400px}\n    #portfolio-1952017772 .grid-col-1-4{height: 150px}\n    #portfolio-1952017772 .grid-col-3-4{height: 450px}\n\n\n        \/* Tablet *\/\n    @media (max-width: 850px){\n      #portfolio-1952017772 .grid-col-1{height: 400px}\n      #portfolio-1952017772 .grid-col-1-2{height: 200px}\n      #portfolio-1952017772 .grid-col-1-3{height:133.33333333333px}\n      #portfolio-1952017772 .grid-col-2-3{height: 266.66666666667px}\n      #portfolio-1952017772 .grid-col-1-4{height: 100px}\n      #portfolio-1952017772 .grid-col-3-4{height: 300px}\n    }\n    \n        \/* Mobile *\/\n    @media (max-width: 550px){\n      #portfolio-1952017772 .grid-col-1{height: 400px}\n      #portfolio-1952017772 .grid-col-1-2{height: 200px}\n      #portfolio-1952017772 .grid-col-1-3{height:133.33333333333px}\n      #portfolio-1952017772 .grid-col-2-3{height: 266.66666666667px}\n      #portfolio-1952017772 .grid-col-1-4{height: 100px}\n      #portfolio-1952017772 .grid-col-3-4{height: 300px}\n    }\n    \n\n  <\/style>\n  <div id=\"portfolio-1952017772\" class=\"portfolio-element-wrapper has-filtering\">\n  \n    <div id=\"portfolio-1952017772\" class=\"row row-small row-grid\" data-packery-options='{\"itemSelector\": \".col\", \"gutter\": 0, \"presentageWidth\" : true}'>\n\n    <\/div><\/div>\n","protected":false},"excerpt":{"rendered":"","protected":false},"author":3,"featured_media":976,"parent":1038,"menu_order":19,"comment_status":"closed","ping_status":"closed","template":"page-blank.php","meta":{"footnotes":""},"class_list":["post-1073","page","type-page","status-publish","has-post-thumbnail","hentry"],"yoast_head":"<!-- This site is optimized with the Yoast SEO plugin v27.2 - https:\/\/yoast.com\/product\/yoast-seo-wordpress\/ -->\n<title>S\u1ef1 ki\u1ec7n - Biochar Vietnam<\/title>\n<meta name=\"robots\" content=\"index, follow, max-snippet:-1, max-image-preview:large, max-video-preview:-1\" \/>\n<link rel=\"canonical\" href=\"https:\/\/biocharvietnam.org\/vi\/nguon-tham-khao\/su-kien\/\" \/>\n<meta property=\"og:locale\" content=\"vi_VN\" \/>\n<meta property=\"og:type\" content=\"article\" \/>\n<meta property=\"og:title\" content=\"S\u1ef1 ki\u1ec7n - Biochar Vietnam\" \/>\n<meta property=\"og:url\" content=\"https:\/\/biocharvietnam.org\/vi\/nguon-tham-khao\/su-kien\/\" \/>\n<meta property=\"og:site_name\" content=\"Biochar Vietnam\" \/>\n<meta property=\"article:modified_time\" content=\"2024-03-14T11:01:53+00:00\" \/>\n<meta property=\"og:image\" content=\"https:\/\/biocharvietnam.org\/wp-content\/uploads\/2016\/08\/dummy-1.jpg\" \/>\n\t<meta property=\"og:image:width\" content=\"400\" \/>\n\t<meta property=\"og:image:height\" content=\"260\" \/>\n\t<meta property=\"og:image:type\" content=\"image\/jpeg\" \/>\n<meta name=\"twitter:card\" content=\"summary_large_image\" \/>\n<meta name=\"twitter:label1\" content=\"Est. reading time\" \/>\n\t<meta name=\"twitter:data1\" content=\"1 minute\" \/>\n<script type=\"application\/ld+json\" class=\"yoast-schema-graph\">{\"@context\":\"https:\/\/schema.org\",\"@graph\":[{\"@type\":\"WebPage\",\"@id\":\"https:\/\/biocharvietnam.org\/vi\/nguon-tham-khao\/su-kien\/\",\"url\":\"https:\/\/biocharvietnam.org\/vi\/nguon-tham-khao\/su-kien\/\",\"name\":\"S\u1ef1 ki\u1ec7n - Biochar Vietnam\",\"isPartOf\":{\"@id\":\"https:\/\/biocharvietnam.org\/#website\"},\"primaryImageOfPage\":{\"@id\":\"https:\/\/biocharvietnam.org\/vi\/nguon-tham-khao\/su-kien\/#primaryimage\"},\"image\":{\"@id\":\"https:\/\/biocharvietnam.org\/vi\/nguon-tham-khao\/su-kien\/#primaryimage\"},\"thumbnailUrl\":\"https:\/\/biocharvietnam.org\/wp-content\/uploads\/2016\/08\/dummy-1.avif\",\"datePublished\":\"2024-01-09T18:53:58+00:00\",\"dateModified\":\"2024-03-14T11:01:53+00:00\",\"breadcrumb\":{\"@id\":\"https:\/\/biocharvietnam.org\/vi\/nguon-tham-khao\/su-kien\/#breadcrumb\"},\"inLanguage\":\"vi-VN\",\"potentialAction\":[{\"@type\":\"ReadAction\",\"target\":[\"https:\/\/biocharvietnam.org\/vi\/nguon-tham-khao\/su-kien\/\"]}]},{\"@type\":\"ImageObject\",\"inLanguage\":\"vi-VN\",\"@id\":\"https:\/\/biocharvietnam.org\/vi\/nguon-tham-khao\/su-kien\/#primaryimage\",\"url\":\"https:\/\/biocharvietnam.org\/wp-content\/uploads\/2016\/08\/dummy-1.avif\",\"contentUrl\":\"https:\/\/biocharvietnam.org\/wp-content\/uploads\/2016\/08\/dummy-1.avif\",\"width\":400,\"height\":260},{\"@type\":\"BreadcrumbList\",\"@id\":\"https:\/\/biocharvietnam.org\/vi\/nguon-tham-khao\/su-kien\/#breadcrumb\",\"itemListElement\":[{\"@type\":\"ListItem\",\"position\":1,\"name\":\"Home\",\"item\":\"https:\/\/biocharvietnam.org\/vi\/\"},{\"@type\":\"ListItem\",\"position\":2,\"name\":\"KI\u1ebeN TH\u1ee8C\",\"item\":\"https:\/\/biocharvietnam.org\/vi\/nguon-tham-khao\/\"},{\"@type\":\"ListItem\",\"position\":3,\"name\":\"S\u1ef1 ki\u1ec7n\"}]},{\"@type\":\"WebSite\",\"@id\":\"https:\/\/biocharvietnam.org\/#website\",\"url\":\"https:\/\/biocharvietnam.org\/\",\"name\":\"Biochar Vietnam\",\"description\":\"\",\"publisher\":{\"@id\":\"https:\/\/biocharvietnam.org\/#organization\"},\"potentialAction\":[{\"@type\":\"SearchAction\",\"target\":{\"@type\":\"EntryPoint\",\"urlTemplate\":\"https:\/\/biocharvietnam.org\/?s={search_term_string}\"},\"query-input\":{\"@type\":\"PropertyValueSpecification\",\"valueRequired\":true,\"valueName\":\"search_term_string\"}}],\"inLanguage\":\"vi-VN\"},{\"@type\":\"Organization\",\"@id\":\"https:\/\/biocharvietnam.org\/#organization\",\"name\":\"Biochar Vietnam\",\"url\":\"https:\/\/biocharvietnam.org\/\",\"logo\":{\"@type\":\"ImageObject\",\"inLanguage\":\"vi-VN\",\"@id\":\"https:\/\/biocharvietnam.org\/#\/schema\/logo\/image\/\",\"url\":\"https:\/\/biocharvietnam.org\/wp-content\/uploads\/2023\/10\/logo-final.png\",\"contentUrl\":\"https:\/\/biocharvietnam.org\/wp-content\/uploads\/2023\/10\/logo-final.png\",\"width\":2209,\"height\":615,\"caption\":\"Biochar Vietnam\"},\"image\":{\"@id\":\"https:\/\/biocharvietnam.org\/#\/schema\/logo\/image\/\"}}]}<\/script>\n<!-- \/ Yoast SEO plugin. -->","yoast_head_json":{"title":"S\u1ef1 ki\u1ec7n - Biochar Vietnam","robots":{"index":"index","follow":"follow","max-snippet":"max-snippet:-1","max-image-preview":"max-image-preview:large","max-video-preview":"max-video-preview:-1"},"canonical":"https:\/\/biocharvietnam.org\/vi\/nguon-tham-khao\/su-kien\/","og_locale":"vi_VN","og_type":"article","og_title":"S\u1ef1 ki\u1ec7n - Biochar Vietnam","og_url":"https:\/\/biocharvietnam.org\/vi\/nguon-tham-khao\/su-kien\/","og_site_name":"Biochar Vietnam","article_modified_time":"2024-03-14T11:01:53+00:00","og_image":[{"width":400,"height":260,"url":"https:\/\/biocharvietnam.org\/wp-content\/uploads\/2016\/08\/dummy-1.jpg","type":"image\/jpeg"}],"twitter_card":"summary_large_image","twitter_misc":{"Est. reading time":"1 minute"},"schema":{"@context":"https:\/\/schema.org","@graph":[{"@type":"WebPage","@id":"https:\/\/biocharvietnam.org\/vi\/nguon-tham-khao\/su-kien\/","url":"https:\/\/biocharvietnam.org\/vi\/nguon-tham-khao\/su-kien\/","name":"S\u1ef1 ki\u1ec7n - Biochar Vietnam","isPartOf":{"@id":"https:\/\/biocharvietnam.org\/#website"},"primaryImageOfPage":{"@id":"https:\/\/biocharvietnam.org\/vi\/nguon-tham-khao\/su-kien\/#primaryimage"},"image":{"@id":"https:\/\/biocharvietnam.org\/vi\/nguon-tham-khao\/su-kien\/#primaryimage"},"thumbnailUrl":"https:\/\/biocharvietnam.org\/wp-content\/uploads\/2016\/08\/dummy-1.avif","datePublished":"2024-01-09T18:53:58+00:00","dateModified":"2024-03-14T11:01:53+00:00","breadcrumb":{"@id":"https:\/\/biocharvietnam.org\/vi\/nguon-tham-khao\/su-kien\/#breadcrumb"},"inLanguage":"vi-VN","potentialAction":[{"@type":"ReadAction","target":["https:\/\/biocharvietnam.org\/vi\/nguon-tham-khao\/su-kien\/"]}]},{"@type":"ImageObject","inLanguage":"vi-VN","@id":"https:\/\/biocharvietnam.org\/vi\/nguon-tham-khao\/su-kien\/#primaryimage","url":"https:\/\/biocharvietnam.org\/wp-content\/uploads\/2016\/08\/dummy-1.avif","contentUrl":"https:\/\/biocharvietnam.org\/wp-content\/uploads\/2016\/08\/dummy-1.avif","width":400,"height":260},{"@type":"BreadcrumbList","@id":"https:\/\/biocharvietnam.org\/vi\/nguon-tham-khao\/su-kien\/#breadcrumb","itemListElement":[{"@type":"ListItem","position":1,"name":"Home","item":"https:\/\/biocharvietnam.org\/vi\/"},{"@type":"ListItem","position":2,"name":"KI\u1ebeN TH\u1ee8C","item":"https:\/\/biocharvietnam.org\/vi\/nguon-tham-khao\/"},{"@type":"ListItem","position":3,"name":"S\u1ef1 ki\u1ec7n"}]},{"@type":"WebSite","@id":"https:\/\/biocharvietnam.org\/#website","url":"https:\/\/biocharvietnam.org\/","name":"Biochar Vietnam","description":"","publisher":{"@id":"https:\/\/biocharvietnam.org\/#organization"},"potentialAction":[{"@type":"SearchAction","target":{"@type":"EntryPoint","urlTemplate":"https:\/\/biocharvietnam.org\/?s={search_term_string}"},"query-input":{"@type":"PropertyValueSpecification","valueRequired":true,"valueName":"search_term_string"}}],"inLanguage":"vi-VN"},{"@type":"Organization","@id":"https:\/\/biocharvietnam.org\/#organization","name":"Biochar Vietnam","url":"https:\/\/biocharvietnam.org\/","logo":{"@type":"ImageObject","inLanguage":"vi-VN","@id":"https:\/\/biocharvietnam.org\/#\/schema\/logo\/image\/","url":"https:\/\/biocharvietnam.org\/wp-content\/uploads\/2023\/10\/logo-final.png","contentUrl":"https:\/\/biocharvietnam.org\/wp-content\/uploads\/2023\/10\/logo-final.png","width":2209,"height":615,"caption":"Biochar Vietnam"},"image":{"@id":"https:\/\/biocharvietnam.org\/#\/schema\/logo\/image\/"}}]}},"_links":{"self":[{"href":"https:\/\/biocharvietnam.org\/vi\/wp-json\/wp\/v2\/pages\/1073","targetHints":{"allow":["GET"]}}],"collection":[{"href":"https:\/\/biocharvietnam.org\/vi\/wp-json\/wp\/v2\/pages"}],"about":[{"href":"https:\/\/biocharvietnam.org\/vi\/wp-json\/wp\/v2\/types\/page"}],"author":[{"embeddable":true,"href":"https:\/\/biocharvietnam.org\/vi\/wp-json\/wp\/v2\/users\/3"}],"replies":[{"embeddable":true,"href":"https:\/\/biocharvietnam.org\/vi\/wp-json\/wp\/v2\/comments?post=1073"}],"version-history":[{"count":0,"href":"https:\/\/biocharvietnam.org\/vi\/wp-json\/wp\/v2\/pages\/1073\/revisions"}],"up":[{"embeddable":true,"href":"https:\/\/biocharvietnam.org\/vi\/wp-json\/wp\/v2\/pages\/1038"}],"wp:featuredmedia":[{"embeddable":true,"href":"https:\/\/biocharvietnam.org\/vi\/wp-json\/wp\/v2\/media\/976"}],"wp:attachment":[{"href":"https:\/\/biocharvietnam.org\/vi\/wp-json\/wp\/v2\/media?parent=1073"}],"curies":[{"name":"wp","href":"https:\/\/api.w.org\/{rel}","templated":true}]}}