{"id":1076,"date":"2024-01-10T08:52:14","date_gmt":"2024-01-10T01:52:14","guid":{"rendered":"https:\/\/biocharvietnam.org\/?page_id=1076"},"modified":"2024-03-14T11:39:49","modified_gmt":"2024-03-14T04:39:49","slug":"cac-du-an-va-sang-kien-khac-ve-biochar-tai-viet-nam","status":"publish","type":"page","link":"https:\/\/biocharvietnam.org\/vi\/nguon-tham-khao\/cac-du-an-va-sang-kien-khac-ve-biochar-tai-viet-nam\/","title":{"rendered":"C\u00e1c d\u1ef1 \u00e1n v\u00e0 s\u00e1ng ki\u1ebfn kh\u00e1c v\u1ec1 than sinh h\u1ecdc t\u1ea1i Vi\u1ec7t Nam"},"content":{"rendered":"\n  <div class=\"banner has-hover has-parallax\" id=\"banner-56554339\">\n          <div class=\"banner-inner fill\">\n        <div class=\"banner-bg fill\" data-parallax=\"-2\" data-parallax-container=\".banner\" data-parallax-background>\n            <img loading=\"lazy\" decoding=\"async\" width=\"1020\" height=\"765\" src=\"https:\/\/biocharvietnam.org\/wp-content\/uploads\/2024\/01\/Nature-11-1067x800.avif\" class=\"bg attachment-large size-large\" alt=\"\" \/>                        <div class=\"overlay\"><\/div>            \n                    <\/div>\n\t\t\n        <div class=\"banner-layers container\">\n            <div class=\"fill banner-link\"><\/div>            \n   <div id=\"text-box-1304264594\" class=\"text-box banner-layer x50 md-x50 lg-x50 y100 md-y75 lg-y75 res-text\">\n                                <div class=\"text-box-content text \">\n              \n              <div class=\"text-inner text-center\">\n                  \n\t<div id=\"text-3272130134\" class=\"text\">\n\t\t\n<h4><strong>C\u00c1C D\u1ef0 \u00c1N V\u00c0 S\u00c1NG KI\u1ebeN KH\u00c1C T\u1ea0I VI\u1ec6T NAM<\/strong><\/h4>\n\t\t\n<style>\n#text-3272130134 {\n  color: rgb(255,255,255);\n}\n#text-3272130134 > * {\n  color: rgb(255,255,255);\n}\n<\/style>\n\t<\/div>\n\t\n<div class=\"is-divider divider clearfix\" style=\"max-width:67px;height:5px;\"><\/div>\n              <\/div>\n           <\/div>\n                            \n<style>\n#text-box-1304264594 {\n  width: 89%;\n}\n#text-box-1304264594 .text-box-content {\n  font-size: 100%;\n}\n<\/style>\n    <\/div>\n \n        <\/div>\n      <\/div>\n\n            \n<style>\n#banner-56554339 {\n  padding-top: 200px;\n}\n#banner-56554339 .overlay {\n  background-color: rgba(255, 255, 255, 0.233);\n}\n#banner-56554339 .banner-bg img {\n  object-position: 38% 52%;\n}\n@media (min-width:550px) {\n  #banner-56554339 {\n    padding-top: 300px;\n  }\n}\n<\/style>\n  <\/div>\n\n\n\t<div id=\"gap-1796779701\" class=\"gap-element clearfix\" style=\"display:block; height:auto;\">\n\t\t\n<style>\n#gap-1796779701 {\n  padding-top: 30px;\n}\n<\/style>\n\t<\/div>\n\t\n<div class=\"container section-title-container\" ><h3 class=\"section-title section-title-center\"><b aria-hidden=\"true\"><\/b><span class=\"section-title-main\" >C\u00c1C D\u1ef0 \u00c1N V\u00c0 S\u00c1NG KI\u1ebeN KH\u00c1C T\u1ea0I VI\u1ec6T NAM<\/span><b aria-hidden=\"true\"><\/b><\/h3><\/div>\n<div class=\"row\"  id=\"row-605755151\">\n\n\n\t<div id=\"col-1040879397\" class=\"col medium-6 small-12 large-6\"  data-animate=\"fadeInUp\">\n\t\t\t\t<div class=\"col-inner\"  >\n\t\t\t\n\t\t\t\n\n\t<div class=\"box has-hover   has-hover box-overlay dark box-text-middle\" >\n\n\t\t<div class=\"box-image\" >\n\t\t\t<a href=\"https:\/\/b4ss.tnus.edu.vn\/\" >\t\t\t<div class=\"\" >\n\t\t\t\t<img loading=\"lazy\" decoding=\"async\" width=\"630\" height=\"300\" src=\"https:\/\/biocharvietnam.org\/wp-content\/uploads\/2024\/01\/paddy.avif\" class=\"attachment- size-\" alt=\"\" \/>\t\t\t\t<div class=\"overlay\" style=\"background-color:1\"><\/div>\t\t\t\t\t\t\t<\/div>\n\t\t\t<\/a>\t\t<\/div>\n\n\t\t<div class=\"box-text text-center\" >\n\t\t\t<div class=\"box-text-inner\">\n\t\t\t\t\n\n<h1><span style=\"font-size: 100%;\"><strong>D\u1ef1 \u00e1n B4SS Vi\u1ec7t Nam - S\u1eed d\u1ee5ng than sinh h\u1ecdc trong qu\u1ea3n l\u00fd \u0111\u1ea5t b\u1ec1n v\u1eefng<\/strong><\/span><\/h1>\n\n\t\t\t<\/div>\n\t\t<\/div>\n\t<\/div>\n\t\n\n\t\t<\/div>\n\t\t\t\t\t<\/div>\n\n\t\n\n\t<div id=\"col-1211133414\" class=\"col medium-6 small-12 large-6\"  data-animate=\"fadeInUp\">\n\t\t\t\t<div class=\"col-inner\"  >\n\t\t\t\n\t\t\t\n\n\t<div class=\"box has-hover   has-hover box-overlay dark box-text-middle\" >\n\n\t\t<div class=\"box-image\" >\n\t\t\t<a href=\"https:\/\/khihoasinhkhoi.com\/home\" >\t\t\t<div class=\"\" >\n\t\t\t\t<img loading=\"lazy\" decoding=\"async\" width=\"1077\" height=\"520\" src=\"https:\/\/biocharvietnam.org\/wp-content\/uploads\/2024\/01\/BEST-project_Oxfarm-e1704876201290.avif\" class=\"attachment- size-\" alt=\"\" \/>\t\t\t\t<div class=\"overlay\" style=\"background-color:1\"><\/div>\t\t\t\t\t\t\t<\/div>\n\t\t\t<\/a>\t\t<\/div>\n\n\t\t<div class=\"box-text text-center\" >\n\t\t\t<div class=\"box-text-inner\">\n\t\t\t\t\n\n\t<div id=\"text-3790651035\" class=\"text\">\n\t\t\n\n<h2 style=\"text-align: center;\"><span style=\"font-size: 95%;\">D\u1ef1 \u00e1n BEST - C\u00f4ng ngh\u1ec7 kh\u00ed h\u00f3a sinh kh\u1ed1i<\/span><\/h2>\n<p style=\"text-align: center;\">Gi\u1ea3i ph\u00e1p n\u0103ng l\u01b0\u1ee3ng b\u1ec1n v\u1eefng cho ch\u1ebf bi\u1ebfn n\u00f4ng s\u1ea3n v\u00e0 qu\u1ea3n l\u00fd ch\u1ea5t th\u1ea3i \u1edf n\u00f4ng th\u00f4n Vi\u1ec7t Nam<\/p>\n\t\t\n<style>\n#text-3790651035 {\n  line-height: 1.2;\n}\n<\/style>\n\t<\/div>\n\t\n\n\t\t\t<\/div>\n\t\t<\/div>\n\t<\/div>\n\t\n\n\t\t<\/div>\n\t\t\t\t\t<\/div>\n\n\t\n\n\t<div id=\"col-751097273\" class=\"col medium-6 small-12 large-6\"  data-animate=\"fadeInUp\">\n\t\t\t\t<div class=\"col-inner\"  >\n\t\t\t\n\t\t\t\n\n\t<div class=\"box has-hover   has-hover box-overlay dark box-text-middle\" >\n\n\t\t<div class=\"box-image\" >\n\t\t\t<a href=\"https:\/\/thebpp.com.au\/partnership\/biochar-carbon-reoval-improved-livelihoods-vietnam\/\" >\t\t\t<div class=\"\" >\n\t\t\t\t<img loading=\"lazy\" decoding=\"async\" width=\"275\" height=\"183\" src=\"https:\/\/biocharvietnam.org\/wp-content\/uploads\/2024\/01\/BPP_Biochar-Mai-Anh.avif\" class=\"attachment- size-\" alt=\"\" \/>\t\t\t\t<div class=\"overlay\" style=\"background-color:1\"><\/div>\t\t\t\t\t\t\t<\/div>\n\t\t\t<\/a>\t\t<\/div>\n\n\t\t<div class=\"box-text text-center\" >\n\t\t\t<div class=\"box-text-inner\">\n\t\t\t\t\n\n\t<div id=\"text-222202886\" class=\"text\">\n\t\t\n\n<h2>S\u00e1ng ki\u1ebfn \"Than sinh h\u1ecdc gi\u00fap lo\u1ea1i b\u1ecf carbon v\u00e0 c\u1ea3i thi\u1ec7n sinh k\u1ebf \u1edf Vi\u1ec7t Nam\"<\/h2>\n\t\t\n<style>\n#text-222202886 {\n  line-height: 1.2;\n}\n<\/style>\n\t<\/div>\n\t\n\n\t\t\t<\/div>\n\t\t<\/div>\n\t<\/div>\n\t\n\n\t\t<\/div>\n\t\t\t\t\t<\/div>\n\n\t\n\n\t<div id=\"col-177117957\" class=\"col medium-6 small-12 large-6\"  data-animate=\"fadeInUp\">\n\t\t\t\t<div class=\"col-inner\"  >\n\t\t\t\n\t\t\t\n\n\t<div class=\"box has-hover   has-hover box-overlay dark box-text-middle\" >\n\n\t\t<div class=\"box-image\" >\n\t\t\t<a href=\"https:\/\/vncpc.org\/project\/du-an-danh-gia-hieu-qua-su-dung-tai-nguyensan-xuat-sach-hon-tai-cac-doanh-nghiep-che-bien-thuy-san-thuoc-khu-cn-tho-quang-da-nang-ifc-2-2-2-2-2-2-2-2-2-4-2-2-2-2-2-2-2-2-2-2-2-2-2-2-2-2-2-2-2-2-2-2\/\" >\t\t\t<div class=\"\" >\n\t\t\t\t<img loading=\"lazy\" decoding=\"async\" width=\"2037\" height=\"1361\" src=\"https:\/\/biocharvietnam.org\/wp-content\/uploads\/2024\/01\/Green-Tea-Project-e1704876168756.avif\" class=\"attachment- size-\" alt=\"\" \/>\t\t\t\t<div class=\"overlay\" style=\"background-color:1\"><\/div>\t\t\t\t\t\t\t<\/div>\n\t\t\t<\/a>\t\t<\/div>\n\n\t\t<div class=\"box-text text-center\" >\n\t\t\t<div class=\"box-text-inner\">\n\t\t\t\t\n\n\t<div id=\"text-2222748771\" class=\"text\">\n\t\t\n\n<h2>D\u1ef1 \u00e1n Green!Tea - N\u0103ng l\u01b0\u1ee3ng t\u00e1i t\u1ea1o cho ng\u00e0nh ch\u00e8 Vi\u1ec7t Nam<\/h2>\n\t\t\n<style>\n#text-2222748771 {\n  line-height: 1.2;\n}\n<\/style>\n\t<\/div>\n\t\n\n\t\t\t<\/div>\n\t\t<\/div>\n\t<\/div>\n\t\n\n\t\t<\/div>\n\t\t\t\t\t<\/div>\n\n\t\n\n<\/div>\n","protected":false},"excerpt":{"rendered":"","protected":false},"author":3,"featured_media":976,"parent":1038,"menu_order":19,"comment_status":"closed","ping_status":"closed","template":"page-blank.php","meta":{"footnotes":""},"class_list":["post-1076","page","type-page","status-publish","has-post-thumbnail","hentry"],"yoast_head":"<!-- This site is optimized with the Yoast SEO plugin v27.2 - https:\/\/yoast.com\/product\/yoast-seo-wordpress\/ -->\n<title>C\u00e1c d\u1ef1 \u00e1n v\u00e0 s\u00e1ng ki\u1ebfn kh\u00e1c v\u1ec1 than sinh h\u1ecdc t\u1ea1i Vi\u1ec7t Nam - Biochar Vietnam<\/title>\n<meta name=\"robots\" content=\"index, follow, max-snippet:-1, max-image-preview:large, max-video-preview:-1\" \/>\n<link rel=\"canonical\" href=\"https:\/\/biocharvietnam.org\/vi\/nguon-tham-khao\/cac-du-an-va-sang-kien-khac-ve-biochar-tai-viet-nam\/\" \/>\n<meta property=\"og:locale\" content=\"vi_VN\" \/>\n<meta property=\"og:type\" content=\"article\" \/>\n<meta property=\"og:title\" content=\"C\u00e1c d\u1ef1 \u00e1n v\u00e0 s\u00e1ng ki\u1ebfn kh\u00e1c v\u1ec1 than sinh h\u1ecdc t\u1ea1i Vi\u1ec7t Nam - Biochar Vietnam\" \/>\n<meta property=\"og:url\" content=\"https:\/\/biocharvietnam.org\/vi\/nguon-tham-khao\/cac-du-an-va-sang-kien-khac-ve-biochar-tai-viet-nam\/\" \/>\n<meta property=\"og:site_name\" content=\"Biochar Vietnam\" \/>\n<meta property=\"article:modified_time\" content=\"2024-03-14T04:39:49+00:00\" \/>\n<meta property=\"og:image\" content=\"https:\/\/biocharvietnam.org\/wp-content\/uploads\/2016\/08\/dummy-1.jpg\" \/>\n\t<meta property=\"og:image:width\" content=\"400\" \/>\n\t<meta property=\"og:image:height\" content=\"260\" \/>\n\t<meta property=\"og:image:type\" content=\"image\/jpeg\" \/>\n<meta name=\"twitter:card\" content=\"summary_large_image\" \/>\n<meta name=\"twitter:label1\" content=\"Est. reading time\" \/>\n\t<meta name=\"twitter:data1\" content=\"1 minute\" \/>\n<script type=\"application\/ld+json\" class=\"yoast-schema-graph\">{\"@context\":\"https:\/\/schema.org\",\"@graph\":[{\"@type\":\"WebPage\",\"@id\":\"https:\/\/biocharvietnam.org\/vi\/nguon-tham-khao\/cac-du-an-va-sang-kien-khac-ve-biochar-tai-viet-nam\/\",\"url\":\"https:\/\/biocharvietnam.org\/vi\/nguon-tham-khao\/cac-du-an-va-sang-kien-khac-ve-biochar-tai-viet-nam\/\",\"name\":\"C\u00e1c d\u1ef1 \u00e1n v\u00e0 s\u00e1ng ki\u1ebfn kh\u00e1c v\u1ec1 than sinh h\u1ecdc t\u1ea1i Vi\u1ec7t Nam - Biochar Vietnam\",\"isPartOf\":{\"@id\":\"https:\/\/biocharvietnam.org\/#website\"},\"primaryImageOfPage\":{\"@id\":\"https:\/\/biocharvietnam.org\/vi\/nguon-tham-khao\/cac-du-an-va-sang-kien-khac-ve-biochar-tai-viet-nam\/#primaryimage\"},\"image\":{\"@id\":\"https:\/\/biocharvietnam.org\/vi\/nguon-tham-khao\/cac-du-an-va-sang-kien-khac-ve-biochar-tai-viet-nam\/#primaryimage\"},\"thumbnailUrl\":\"https:\/\/biocharvietnam.org\/wp-content\/uploads\/2016\/08\/dummy-1.avif\",\"datePublished\":\"2024-01-10T01:52:14+00:00\",\"dateModified\":\"2024-03-14T04:39:49+00:00\",\"breadcrumb\":{\"@id\":\"https:\/\/biocharvietnam.org\/vi\/nguon-tham-khao\/cac-du-an-va-sang-kien-khac-ve-biochar-tai-viet-nam\/#breadcrumb\"},\"inLanguage\":\"vi-VN\",\"potentialAction\":[{\"@type\":\"ReadAction\",\"target\":[\"https:\/\/biocharvietnam.org\/vi\/nguon-tham-khao\/cac-du-an-va-sang-kien-khac-ve-biochar-tai-viet-nam\/\"]}]},{\"@type\":\"ImageObject\",\"inLanguage\":\"vi-VN\",\"@id\":\"https:\/\/biocharvietnam.org\/vi\/nguon-tham-khao\/cac-du-an-va-sang-kien-khac-ve-biochar-tai-viet-nam\/#primaryimage\",\"url\":\"https:\/\/biocharvietnam.org\/wp-content\/uploads\/2016\/08\/dummy-1.avif\",\"contentUrl\":\"https:\/\/biocharvietnam.org\/wp-content\/uploads\/2016\/08\/dummy-1.avif\",\"width\":400,\"height\":260},{\"@type\":\"BreadcrumbList\",\"@id\":\"https:\/\/biocharvietnam.org\/vi\/nguon-tham-khao\/cac-du-an-va-sang-kien-khac-ve-biochar-tai-viet-nam\/#breadcrumb\",\"itemListElement\":[{\"@type\":\"ListItem\",\"position\":1,\"name\":\"Home\",\"item\":\"https:\/\/biocharvietnam.org\/vi\/\"},{\"@type\":\"ListItem\",\"position\":2,\"name\":\"KI\u1ebeN TH\u1ee8C\",\"item\":\"https:\/\/biocharvietnam.org\/vi\/nguon-tham-khao\/\"},{\"@type\":\"ListItem\",\"position\":3,\"name\":\"C\u00e1c d\u1ef1 \u00e1n v\u00e0 s\u00e1ng ki\u1ebfn kh\u00e1c v\u1ec1 than sinh h\u1ecdc t\u1ea1i Vi\u1ec7t Nam\"}]},{\"@type\":\"WebSite\",\"@id\":\"https:\/\/biocharvietnam.org\/#website\",\"url\":\"https:\/\/biocharvietnam.org\/\",\"name\":\"Biochar Vietnam\",\"description\":\"\",\"publisher\":{\"@id\":\"https:\/\/biocharvietnam.org\/#organization\"},\"potentialAction\":[{\"@type\":\"SearchAction\",\"target\":{\"@type\":\"EntryPoint\",\"urlTemplate\":\"https:\/\/biocharvietnam.org\/?s={search_term_string}\"},\"query-input\":{\"@type\":\"PropertyValueSpecification\",\"valueRequired\":true,\"valueName\":\"search_term_string\"}}],\"inLanguage\":\"vi-VN\"},{\"@type\":\"Organization\",\"@id\":\"https:\/\/biocharvietnam.org\/#organization\",\"name\":\"Biochar Vietnam\",\"url\":\"https:\/\/biocharvietnam.org\/\",\"logo\":{\"@type\":\"ImageObject\",\"inLanguage\":\"vi-VN\",\"@id\":\"https:\/\/biocharvietnam.org\/#\/schema\/logo\/image\/\",\"url\":\"https:\/\/biocharvietnam.org\/wp-content\/uploads\/2023\/10\/logo-final.png\",\"contentUrl\":\"https:\/\/biocharvietnam.org\/wp-content\/uploads\/2023\/10\/logo-final.png\",\"width\":2209,\"height\":615,\"caption\":\"Biochar Vietnam\"},\"image\":{\"@id\":\"https:\/\/biocharvietnam.org\/#\/schema\/logo\/image\/\"}}]}<\/script>\n<!-- \/ Yoast SEO plugin. -->","yoast_head_json":{"title":"C\u00e1c d\u1ef1 \u00e1n v\u00e0 s\u00e1ng ki\u1ebfn kh\u00e1c v\u1ec1 than sinh h\u1ecdc t\u1ea1i Vi\u1ec7t Nam - Biochar Vietnam","robots":{"index":"index","follow":"follow","max-snippet":"max-snippet:-1","max-image-preview":"max-image-preview:large","max-video-preview":"max-video-preview:-1"},"canonical":"https:\/\/biocharvietnam.org\/vi\/nguon-tham-khao\/cac-du-an-va-sang-kien-khac-ve-biochar-tai-viet-nam\/","og_locale":"vi_VN","og_type":"article","og_title":"C\u00e1c d\u1ef1 \u00e1n v\u00e0 s\u00e1ng ki\u1ebfn kh\u00e1c v\u1ec1 than sinh h\u1ecdc t\u1ea1i Vi\u1ec7t Nam - Biochar Vietnam","og_url":"https:\/\/biocharvietnam.org\/vi\/nguon-tham-khao\/cac-du-an-va-sang-kien-khac-ve-biochar-tai-viet-nam\/","og_site_name":"Biochar Vietnam","article_modified_time":"2024-03-14T04:39:49+00:00","og_image":[{"width":400,"height":260,"url":"https:\/\/biocharvietnam.org\/wp-content\/uploads\/2016\/08\/dummy-1.jpg","type":"image\/jpeg"}],"twitter_card":"summary_large_image","twitter_misc":{"Est. reading time":"1 minute"},"schema":{"@context":"https:\/\/schema.org","@graph":[{"@type":"WebPage","@id":"https:\/\/biocharvietnam.org\/vi\/nguon-tham-khao\/cac-du-an-va-sang-kien-khac-ve-biochar-tai-viet-nam\/","url":"https:\/\/biocharvietnam.org\/vi\/nguon-tham-khao\/cac-du-an-va-sang-kien-khac-ve-biochar-tai-viet-nam\/","name":"C\u00e1c d\u1ef1 \u00e1n v\u00e0 s\u00e1ng ki\u1ebfn kh\u00e1c v\u1ec1 than sinh h\u1ecdc t\u1ea1i Vi\u1ec7t Nam - Biochar Vietnam","isPartOf":{"@id":"https:\/\/biocharvietnam.org\/#website"},"primaryImageOfPage":{"@id":"https:\/\/biocharvietnam.org\/vi\/nguon-tham-khao\/cac-du-an-va-sang-kien-khac-ve-biochar-tai-viet-nam\/#primaryimage"},"image":{"@id":"https:\/\/biocharvietnam.org\/vi\/nguon-tham-khao\/cac-du-an-va-sang-kien-khac-ve-biochar-tai-viet-nam\/#primaryimage"},"thumbnailUrl":"https:\/\/biocharvietnam.org\/wp-content\/uploads\/2016\/08\/dummy-1.avif","datePublished":"2024-01-10T01:52:14+00:00","dateModified":"2024-03-14T04:39:49+00:00","breadcrumb":{"@id":"https:\/\/biocharvietnam.org\/vi\/nguon-tham-khao\/cac-du-an-va-sang-kien-khac-ve-biochar-tai-viet-nam\/#breadcrumb"},"inLanguage":"vi-VN","potentialAction":[{"@type":"ReadAction","target":["https:\/\/biocharvietnam.org\/vi\/nguon-tham-khao\/cac-du-an-va-sang-kien-khac-ve-biochar-tai-viet-nam\/"]}]},{"@type":"ImageObject","inLanguage":"vi-VN","@id":"https:\/\/biocharvietnam.org\/vi\/nguon-tham-khao\/cac-du-an-va-sang-kien-khac-ve-biochar-tai-viet-nam\/#primaryimage","url":"https:\/\/biocharvietnam.org\/wp-content\/uploads\/2016\/08\/dummy-1.avif","contentUrl":"https:\/\/biocharvietnam.org\/wp-content\/uploads\/2016\/08\/dummy-1.avif","width":400,"height":260},{"@type":"BreadcrumbList","@id":"https:\/\/biocharvietnam.org\/vi\/nguon-tham-khao\/cac-du-an-va-sang-kien-khac-ve-biochar-tai-viet-nam\/#breadcrumb","itemListElement":[{"@type":"ListItem","position":1,"name":"Home","item":"https:\/\/biocharvietnam.org\/vi\/"},{"@type":"ListItem","position":2,"name":"KI\u1ebeN TH\u1ee8C","item":"https:\/\/biocharvietnam.org\/vi\/nguon-tham-khao\/"},{"@type":"ListItem","position":3,"name":"C\u00e1c d\u1ef1 \u00e1n v\u00e0 s\u00e1ng ki\u1ebfn kh\u00e1c v\u1ec1 than sinh h\u1ecdc t\u1ea1i Vi\u1ec7t Nam"}]},{"@type":"WebSite","@id":"https:\/\/biocharvietnam.org\/#website","url":"https:\/\/biocharvietnam.org\/","name":"Biochar Vietnam","description":"","publisher":{"@id":"https:\/\/biocharvietnam.org\/#organization"},"potentialAction":[{"@type":"SearchAction","target":{"@type":"EntryPoint","urlTemplate":"https:\/\/biocharvietnam.org\/?s={search_term_string}"},"query-input":{"@type":"PropertyValueSpecification","valueRequired":true,"valueName":"search_term_string"}}],"inLanguage":"vi-VN"},{"@type":"Organization","@id":"https:\/\/biocharvietnam.org\/#organization","name":"Biochar Vietnam","url":"https:\/\/biocharvietnam.org\/","logo":{"@type":"ImageObject","inLanguage":"vi-VN","@id":"https:\/\/biocharvietnam.org\/#\/schema\/logo\/image\/","url":"https:\/\/biocharvietnam.org\/wp-content\/uploads\/2023\/10\/logo-final.png","contentUrl":"https:\/\/biocharvietnam.org\/wp-content\/uploads\/2023\/10\/logo-final.png","width":2209,"height":615,"caption":"Biochar Vietnam"},"image":{"@id":"https:\/\/biocharvietnam.org\/#\/schema\/logo\/image\/"}}]}},"_links":{"self":[{"href":"https:\/\/biocharvietnam.org\/vi\/wp-json\/wp\/v2\/pages\/1076","targetHints":{"allow":["GET"]}}],"collection":[{"href":"https:\/\/biocharvietnam.org\/vi\/wp-json\/wp\/v2\/pages"}],"about":[{"href":"https:\/\/biocharvietnam.org\/vi\/wp-json\/wp\/v2\/types\/page"}],"author":[{"embeddable":true,"href":"https:\/\/biocharvietnam.org\/vi\/wp-json\/wp\/v2\/users\/3"}],"replies":[{"embeddable":true,"href":"https:\/\/biocharvietnam.org\/vi\/wp-json\/wp\/v2\/comments?post=1076"}],"version-history":[{"count":0,"href":"https:\/\/biocharvietnam.org\/vi\/wp-json\/wp\/v2\/pages\/1076\/revisions"}],"up":[{"embeddable":true,"href":"https:\/\/biocharvietnam.org\/vi\/wp-json\/wp\/v2\/pages\/1038"}],"wp:featuredmedia":[{"embeddable":true,"href":"https:\/\/biocharvietnam.org\/vi\/wp-json\/wp\/v2\/media\/976"}],"wp:attachment":[{"href":"https:\/\/biocharvietnam.org\/vi\/wp-json\/wp\/v2\/media?parent=1076"}],"curies":[{"name":"wp","href":"https:\/\/api.w.org\/{rel}","templated":true}]}}