{"id":1080,"date":"2024-01-10T01:51:35","date_gmt":"2024-01-09T18:51:35","guid":{"rendered":"https:\/\/biocharvietnam.org\/?page_id=1080"},"modified":"2024-03-14T13:28:03","modified_gmt":"2024-03-14T06:28:03","slug":"cac-du-an-cua-unido","status":"publish","type":"page","link":"https:\/\/biocharvietnam.org\/vi\/nguon-tham-khao\/cac-du-an-cua-unido\/","title":{"rendered":"C\u00e1c D\u1ef1 \u00e1n c\u1ee7a UNIDO"},"content":{"rendered":"\n  <div class=\"banner has-hover has-parallax\" id=\"banner-94623351\">\n          <div class=\"banner-inner fill\">\n        <div class=\"banner-bg fill\" data-parallax=\"-2\" data-parallax-container=\".banner\" data-parallax-background>\n            <img loading=\"lazy\" decoding=\"async\" width=\"1020\" height=\"765\" src=\"https:\/\/biocharvietnam.org\/wp-content\/uploads\/2024\/01\/Nature-31-1067x800.avif\" class=\"bg attachment-large size-large\" alt=\"\" \/>                                    \n                    <\/div>\n\t\t\n        <div class=\"banner-layers container\">\n            <div class=\"fill banner-link\"><\/div>            \n   <div id=\"text-box-1680784425\" class=\"text-box banner-layer x50 md-x50 lg-x50 y90 md-y90 lg-y90 res-text\">\n                                <div class=\"text-box-content text \">\n              \n              <div class=\"text-inner text-center\">\n                  \n\t<div id=\"text-2181742191\" class=\"text\">\n\t\t\n<h1 class=\"uppercase\"><strong>C\u00c1C D\u1ef0 \u00c1N UNIDO<\/strong><\/h1>\n<p><span style=\"font-size: 130%;\">C\u00e1c d\u1ef1 \u00e1n c\u1ee7a UNIDO v\u1ec1 l\u0129nh v\u1ef1c than sinh h\u1ecdc<\/span><\/p>\n\t\t\n<style>\n#text-2181742191 {\n  line-height: 1.05;\n  color: rgb(255,255,255);\n}\n#text-2181742191 > * {\n  color: rgb(255,255,255);\n}\n<\/style>\n\t<\/div>\n\t\n<div class=\"is-divider divider clearfix\" style=\"max-width:67px;height:5px;\"><\/div>\n              <\/div>\n           <\/div>\n                            \n<style>\n#text-box-1680784425 {\n  width: 60%;\n}\n#text-box-1680784425 .text-box-content {\n  font-size: 100%;\n}\n<\/style>\n    <\/div>\n \n        <\/div>\n      <\/div>\n\n            \n<style>\n#banner-94623351 {\n  padding-top: 300px;\n}\n#banner-94623351 .banner-bg img {\n  object-position: 70% 55%;\n}\n@media (min-width:550px) {\n  #banner-94623351 {\n    padding-top: 300px;\n  }\n}\n<\/style>\n  <\/div>\n\n\n\t<div id=\"gap-69832407\" class=\"gap-element clearfix\" style=\"display:block; height:auto;\">\n\t\t\n<style>\n#gap-69832407 {\n  padding-top: 30px;\n}\n<\/style>\n\t<\/div>\n\t\n  <style>\n    #portfolio-1867364843 .grid-col-1{height: 600px}\n    #portfolio-1867364843 .grid-col-1-2{height: 300px}\n    #portfolio-1867364843 .grid-col-1-3{height:200px}\n    #portfolio-1867364843 .grid-col-2-3{height: 400px}\n    #portfolio-1867364843 .grid-col-1-4{height: 150px}\n    #portfolio-1867364843 .grid-col-3-4{height: 450px}\n\n\n        \/* Tablet *\/\n    @media (max-width: 850px){\n      #portfolio-1867364843 .grid-col-1{height: 400px}\n      #portfolio-1867364843 .grid-col-1-2{height: 200px}\n      #portfolio-1867364843 .grid-col-1-3{height:133.33333333333px}\n      #portfolio-1867364843 .grid-col-2-3{height: 266.66666666667px}\n      #portfolio-1867364843 .grid-col-1-4{height: 100px}\n      #portfolio-1867364843 .grid-col-3-4{height: 300px}\n    }\n    \n        \/* Mobile *\/\n    @media (max-width: 550px){\n      #portfolio-1867364843 .grid-col-1{height: 400px}\n      #portfolio-1867364843 .grid-col-1-2{height: 200px}\n      #portfolio-1867364843 .grid-col-1-3{height:133.33333333333px}\n      #portfolio-1867364843 .grid-col-2-3{height: 266.66666666667px}\n      #portfolio-1867364843 .grid-col-1-4{height: 100px}\n      #portfolio-1867364843 .grid-col-3-4{height: 300px}\n    }\n    \n\n  <\/style>\n  <div id=\"portfolio-1867364843\" class=\"portfolio-element-wrapper has-filtering\">\n  \n    <div id=\"portfolio-1867364843\" class=\"row row-small row-grid\" data-packery-options='{\"itemSelector\": \".col\", \"gutter\": 0, \"presentageWidth\" : true}'>\n\n    <div class=\"col grid-col grid-col-1 large-6 medium-12\" data-terms=\"[&quot;C\u00c1C D\u1ef0 \u00c1N C\u1ee6A UNIDO&quot;,&quot;D\u1ef0 \u00c1N \u0110\u00c3 HO\u00c0N TH\u00c0NH&quot;]\" >\n          <div class=\"col-inner\" >\n          <a href=\"https:\/\/biocharvietnam.org\/vi\/featured_item\/thuc-day-mo-hinh-kinh-doanh-he-thong-nhiet-phan-quy-mo-nho-tai-viet-nam\/\" class=\"plain \">\n          <div class=\"portfolio-box box has-hover box-overlay dark box-text-middle\">\n            <div class=\"box-image\" >\n                <div class=\"image-cover\" style=\"padding-top:100%;\">\n                <img loading=\"lazy\" decoding=\"async\" width=\"594\" height=\"400\" src=\"https:\/\/biocharvietnam.org\/wp-content\/uploads\/2016\/08\/6-e1704181944171-594x400.avif\" class=\"attachment-medium size-medium\" alt=\"\" srcset=\"https:\/\/biocharvietnam.org\/wp-content\/uploads\/2016\/08\/6-e1704181944171-594x400.avif 594w, https:\/\/biocharvietnam.org\/wp-content\/uploads\/2016\/08\/6-e1704181944171-1189x800.avif 1189w, https:\/\/biocharvietnam.org\/wp-content\/uploads\/2016\/08\/6-e1704181944171-768x517.avif 768w, https:\/\/biocharvietnam.org\/wp-content\/uploads\/2016\/08\/6-e1704181944171-1536x1034.avif 1536w, https:\/\/biocharvietnam.org\/wp-content\/uploads\/2016\/08\/6-e1704181944171-2048x1378.avif 2048w\" sizes=\"auto, (max-width: 594px) 100vw, 594px\" \/>                <div class=\"overlay\" style=\"background-color:1\"><\/div>                                <\/div>\n            <\/div>\n            <div class=\"box-text show-on-hover hover-bounce text-center is-large\" >\n                  <div class=\"box-text-inner\">\n                      <h6 class=\"uppercase portfolio-box-title\">TH\u00daC \u0110\u1ea8Y M\u00d4 H\u00ccNH KINH DOANH H\u1ec6 TH\u1ed0NG NHI\u1ec6T PH\u00c2N QUY M\u00d4 NH\u1ece T\u1ea0I VI\u1ec6T NAM<\/h6>\n                      <p class=\"uppercase portfolio-box-category is-xsmall op-6\">\n                        <span class=\"show-on-hover\">\n                         C\u00c1C D\u1ef0 \u00c1N C\u1ee6A UNIDO, D\u1ef0 \u00c1N \u0110\u00c3 HO\u00c0N TH\u00c0NH                        <\/span>\n                      <\/p>\n                  <\/div>\n            <\/div>\n           <\/div>\n           <\/a>\n           <\/div>\n           <\/div><div class=\"col grid-col grid-col-1 large-3 medium-6\" data-terms=\"[&quot;C\u00c1C D\u1ef0 \u00c1N C\u1ee6A UNIDO&quot;,&quot;D\u1ef0 \u00c1N \u0110ANG TH\u1ef0C HI\u1ec6N&quot;]\" >\n          <div class=\"col-inner\" >\n          <a href=\"https:\/\/biocharvietnam.org\/vi\/featured_item\/ra-soat-chinh-sach-du-thao-ke-hoach-hanh-dong-va-phat-trien-kenh-luu-tru-thong-tin-truc-tuyen-ve-than-sinh-hoc-tai-viet-nam\/\" class=\"plain \">\n          <div class=\"portfolio-box box has-hover box-overlay dark box-text-middle\">\n            <div class=\"box-image\" >\n                <div class=\"image-cover\" style=\"padding-top:100%;\">\n                <img loading=\"lazy\" decoding=\"async\" width=\"602\" height=\"400\" src=\"https:\/\/biocharvietnam.org\/wp-content\/uploads\/2016\/08\/Hand-on-seedlings-602x400.avif\" class=\"attachment-medium size-medium\" alt=\"\" srcset=\"https:\/\/biocharvietnam.org\/wp-content\/uploads\/2016\/08\/Hand-on-seedlings-602x400.avif 602w, https:\/\/biocharvietnam.org\/wp-content\/uploads\/2016\/08\/Hand-on-seedlings-1204x800.avif 1204w, https:\/\/biocharvietnam.org\/wp-content\/uploads\/2016\/08\/Hand-on-seedlings-768x510.avif 768w, https:\/\/biocharvietnam.org\/wp-content\/uploads\/2016\/08\/Hand-on-seedlings-1536x1021.avif 1536w, https:\/\/biocharvietnam.org\/wp-content\/uploads\/2016\/08\/Hand-on-seedlings-2048x1361.avif 2048w\" sizes=\"auto, (max-width: 602px) 100vw, 602px\" \/>                <div class=\"overlay\" style=\"background-color:1\"><\/div>                                <\/div>\n            <\/div>\n            <div class=\"box-text show-on-hover hover-bounce text-center is-large\" >\n                  <div class=\"box-text-inner\">\n                      <h6 class=\"uppercase portfolio-box-title\">R\u00c0 SO\u00c1T CH\u00cdNH S\u00c1CH, D\u1ef0 TH\u1ea2O K\u1ebe HO\u1ea0CH H\u00c0NH \u0110\u1ed8NG V\u00c0 PH\u00c1T TRI\u1ec2N K\u00caNH L\u01afU TR\u1eee TH\u00d4NG TIN TR\u1ef0C TUY\u1ebeN V\u1ec0 THAN SINH H\u1eccC T\u1ea0I VI\u1ec6T NAM<\/h6>\n                      <p class=\"uppercase portfolio-box-category is-xsmall op-6\">\n                        <span class=\"show-on-hover\">\n                         C\u00c1C D\u1ef0 \u00c1N C\u1ee6A UNIDO, D\u1ef0 \u00c1N \u0110ANG TH\u1ef0C HI\u1ec6N                        <\/span>\n                      <\/p>\n                  <\/div>\n            <\/div>\n           <\/div>\n           <\/a>\n           <\/div>\n           <\/div><div class=\"col grid-col grid-col-1-2 large-3 medium-6\" data-terms=\"[&quot;C\u00c1C D\u1ef0 \u00c1N C\u1ee6A UNIDO&quot;,&quot;D\u1ef0 \u00c1N \u0110\u00c3 HO\u00c0N TH\u00c0NH&quot;]\" >\n          <div class=\"col-inner\" >\n          <a href=\"https:\/\/biocharvietnam.org\/vi\/featured_item\/nghien-cuu-thi-truong-san-pham-than-sinh-hoc-san-xuat-bang-cong-nghe-nhiet-phan\/\" class=\"plain \">\n          <div class=\"portfolio-box box has-hover box-overlay dark box-text-middle\">\n            <div class=\"box-image\" >\n                <div class=\"image-cover\" style=\"padding-top:100%;\">\n                <img loading=\"lazy\" decoding=\"async\" width=\"280\" height=\"280\" src=\"https:\/\/biocharvietnam.org\/wp-content\/uploads\/2024\/01\/IMG_8955-280x280.avif\" class=\"attachment-thumbnail size-thumbnail\" alt=\"\" \/>                <div class=\"overlay\" style=\"background-color:1\"><\/div>                                <\/div>\n            <\/div>\n            <div class=\"box-text show-on-hover hover-bounce text-center is-large\" >\n                  <div class=\"box-text-inner\">\n                      <h6 class=\"uppercase portfolio-box-title\">NGHI\u00caN C\u1ee8U TH\u1eca TR\u01af\u1edcNG CHO S\u1ea2N PH\u1ea8M THAN SINH H\u1eccC S\u1ea2N XU\u1ea4T B\u1eb0NG C\u00d4NG NGH\u1ec6 NHI\u1ec6T PH\u00c2N<\/h6>\n                      <p class=\"uppercase portfolio-box-category is-xsmall op-6\">\n                        <span class=\"show-on-hover\">\n                         C\u00c1C D\u1ef0 \u00c1N C\u1ee6A UNIDO, D\u1ef0 \u00c1N \u0110\u00c3 HO\u00c0N TH\u00c0NH                        <\/span>\n                      <\/p>\n                  <\/div>\n            <\/div>\n           <\/div>\n           <\/a>\n           <\/div>\n           <\/div><div class=\"col grid-col grid-col-1-2 large-3 medium-6\" data-terms=\"[&quot;C\u00c1C D\u1ef0 \u00c1N C\u1ee6A UNIDO&quot;,&quot;D\u1ef0 \u00c1N \u0110\u00c3 HO\u00c0N TH\u00c0NH&quot;]\" >\n          <div class=\"col-inner\" >\n          <a href=\"https:\/\/biocharvietnam.org\/vi\/featured_item\/giam-thieu-chat-thai-cong-nghiep-vi-nen-san-xuat-phat-thai-carbon-thap-trong-nganh-lua-gao-va-ca-phe-2\/\" class=\"plain \">\n          <div class=\"portfolio-box box has-hover box-overlay dark box-text-middle\">\n            <div class=\"box-image\" >\n                <div class=\"image-cover\" style=\"padding-top:100%;\">\n                <img loading=\"lazy\" decoding=\"async\" width=\"280\" height=\"280\" src=\"https:\/\/biocharvietnam.org\/wp-content\/uploads\/2016\/08\/PPV300-280x280.avif\" class=\"attachment-thumbnail size-thumbnail\" alt=\"\" \/>                <div class=\"overlay\" style=\"background-color:1\"><\/div>                                <\/div>\n            <\/div>\n            <div class=\"box-text show-on-hover hover-bounce text-center is-large\" >\n                  <div class=\"box-text-inner\">\n                      <h6 class=\"uppercase portfolio-box-title\">GI\u1ea2M THI\u1ec2U CH\u1ea4T TH\u1ea2I C\u00d4NG NGHI\u1ec6P V\u00cc N\u1ec0N S\u1ea2N XU\u1ea4T PH\u00c1T TH\u1ea2I CARBON TH\u1ea4P TRONG NG\u00c0NH L\u00daA G\u1ea0O V\u00c0 C\u00c0 PH\u00ca<\/h6>\n                      <p class=\"uppercase portfolio-box-category is-xsmall op-6\">\n                        <span class=\"show-on-hover\">\n                         C\u00c1C D\u1ef0 \u00c1N C\u1ee6A UNIDO, D\u1ef0 \u00c1N \u0110\u00c3 HO\u00c0N TH\u00c0NH                        <\/span>\n                      <\/p>\n                  <\/div>\n            <\/div>\n           <\/div>\n           <\/a>\n           <\/div>\n           <\/div><div class=\"col grid-col grid-col-1-2 large-3 medium-6\" data-terms=\"[&quot;C\u00c1C D\u1ef0 \u00c1N C\u1ee6A UNIDO&quot;,&quot;D\u1ef0 \u00c1N \u0110\u00c3 HO\u00c0N TH\u00c0NH&quot;]\" >\n          <div class=\"col-inner\" >\n          <a href=\"https:\/\/biocharvietnam.org\/vi\/featured_item\/giam-thieu-chat-thai-cong-nghiep-vi-nen-san-xuat-phat-thai-carbon-thap-trong-nganh-lua-gao-va-ca-phe\/\" class=\"plain \">\n          <div class=\"portfolio-box box has-hover box-overlay dark box-text-middle\">\n            <div class=\"box-image\" >\n                <div class=\"image-cover\" style=\"padding-top:100%;\">\n                <img loading=\"lazy\" decoding=\"async\" width=\"280\" height=\"280\" src=\"https:\/\/biocharvietnam.org\/wp-content\/uploads\/2016\/08\/PPV300-280x280.avif\" class=\"attachment-thumbnail size-thumbnail\" alt=\"\" \/>                <div class=\"overlay\" style=\"background-color:1\"><\/div>                                <\/div>\n            <\/div>\n            <div class=\"box-text show-on-hover hover-bounce text-center is-large\" >\n                  <div class=\"box-text-inner\">\n                      <h6 class=\"uppercase portfolio-box-title\">GI\u1ea2M THI\u1ec2U CH\u1ea4T TH\u1ea2I C\u00d4NG NGHI\u1ec6P V\u00cc N\u1ec0N S\u1ea2N XU\u1ea4T PH\u00c1T TH\u1ea2I CARBON TH\u1ea4P TRONG NG\u00c0NH L\u00daA G\u1ea0O V\u00c0 C\u00c0 PH\u00ca<\/h6>\n                      <p class=\"uppercase portfolio-box-category is-xsmall op-6\">\n                        <span class=\"show-on-hover\">\n                         C\u00c1C D\u1ef0 \u00c1N C\u1ee6A UNIDO, D\u1ef0 \u00c1N \u0110\u00c3 HO\u00c0N TH\u00c0NH                        <\/span>\n                      <\/p>\n                  <\/div>\n            <\/div>\n           <\/div>\n           <\/a>\n           <\/div>\n           <\/div><\/div><\/div>\n","protected":false},"excerpt":{"rendered":"","protected":false},"author":3,"featured_media":976,"parent":1038,"menu_order":19,"comment_status":"closed","ping_status":"closed","template":"page-blank.php","meta":{"footnotes":""},"class_list":["post-1080","page","type-page","status-publish","has-post-thumbnail","hentry"],"yoast_head":"<!-- This site is optimized with the Yoast SEO plugin v27.2 - https:\/\/yoast.com\/product\/yoast-seo-wordpress\/ -->\n<title>C\u00e1c D\u1ef1 \u00e1n c\u1ee7a UNIDO - Biochar Vietnam<\/title>\n<meta name=\"robots\" content=\"index, follow, max-snippet:-1, max-image-preview:large, max-video-preview:-1\" \/>\n<link rel=\"canonical\" href=\"https:\/\/biocharvietnam.org\/vi\/nguon-tham-khao\/cac-du-an-cua-unido\/\" \/>\n<meta property=\"og:locale\" content=\"vi_VN\" \/>\n<meta property=\"og:type\" content=\"article\" \/>\n<meta property=\"og:title\" content=\"C\u00e1c D\u1ef1 \u00e1n c\u1ee7a UNIDO - Biochar Vietnam\" \/>\n<meta property=\"og:url\" content=\"https:\/\/biocharvietnam.org\/vi\/nguon-tham-khao\/cac-du-an-cua-unido\/\" \/>\n<meta property=\"og:site_name\" content=\"Biochar Vietnam\" \/>\n<meta property=\"article:modified_time\" content=\"2024-03-14T06:28:03+00:00\" \/>\n<meta property=\"og:image\" content=\"https:\/\/biocharvietnam.org\/wp-content\/uploads\/2016\/08\/dummy-1.jpg\" \/>\n\t<meta property=\"og:image:width\" content=\"400\" \/>\n\t<meta property=\"og:image:height\" content=\"260\" \/>\n\t<meta property=\"og:image:type\" content=\"image\/jpeg\" \/>\n<meta name=\"twitter:card\" content=\"summary_large_image\" \/>\n<script type=\"application\/ld+json\" class=\"yoast-schema-graph\">{\"@context\":\"https:\/\/schema.org\",\"@graph\":[{\"@type\":\"WebPage\",\"@id\":\"https:\/\/biocharvietnam.org\/vi\/nguon-tham-khao\/cac-du-an-cua-unido\/\",\"url\":\"https:\/\/biocharvietnam.org\/vi\/nguon-tham-khao\/cac-du-an-cua-unido\/\",\"name\":\"C\u00e1c D\u1ef1 \u00e1n c\u1ee7a UNIDO - Biochar Vietnam\",\"isPartOf\":{\"@id\":\"https:\/\/biocharvietnam.org\/#website\"},\"primaryImageOfPage\":{\"@id\":\"https:\/\/biocharvietnam.org\/vi\/nguon-tham-khao\/cac-du-an-cua-unido\/#primaryimage\"},\"image\":{\"@id\":\"https:\/\/biocharvietnam.org\/vi\/nguon-tham-khao\/cac-du-an-cua-unido\/#primaryimage\"},\"thumbnailUrl\":\"https:\/\/biocharvietnam.org\/wp-content\/uploads\/2016\/08\/dummy-1.avif\",\"datePublished\":\"2024-01-09T18:51:35+00:00\",\"dateModified\":\"2024-03-14T06:28:03+00:00\",\"breadcrumb\":{\"@id\":\"https:\/\/biocharvietnam.org\/vi\/nguon-tham-khao\/cac-du-an-cua-unido\/#breadcrumb\"},\"inLanguage\":\"vi-VN\",\"potentialAction\":[{\"@type\":\"ReadAction\",\"target\":[\"https:\/\/biocharvietnam.org\/vi\/nguon-tham-khao\/cac-du-an-cua-unido\/\"]}]},{\"@type\":\"ImageObject\",\"inLanguage\":\"vi-VN\",\"@id\":\"https:\/\/biocharvietnam.org\/vi\/nguon-tham-khao\/cac-du-an-cua-unido\/#primaryimage\",\"url\":\"https:\/\/biocharvietnam.org\/wp-content\/uploads\/2016\/08\/dummy-1.avif\",\"contentUrl\":\"https:\/\/biocharvietnam.org\/wp-content\/uploads\/2016\/08\/dummy-1.avif\",\"width\":400,\"height\":260},{\"@type\":\"BreadcrumbList\",\"@id\":\"https:\/\/biocharvietnam.org\/vi\/nguon-tham-khao\/cac-du-an-cua-unido\/#breadcrumb\",\"itemListElement\":[{\"@type\":\"ListItem\",\"position\":1,\"name\":\"Home\",\"item\":\"https:\/\/biocharvietnam.org\/vi\/\"},{\"@type\":\"ListItem\",\"position\":2,\"name\":\"KI\u1ebeN TH\u1ee8C\",\"item\":\"https:\/\/biocharvietnam.org\/vi\/nguon-tham-khao\/\"},{\"@type\":\"ListItem\",\"position\":3,\"name\":\"C\u00e1c D\u1ef1 \u00e1n c\u1ee7a UNIDO\"}]},{\"@type\":\"WebSite\",\"@id\":\"https:\/\/biocharvietnam.org\/#website\",\"url\":\"https:\/\/biocharvietnam.org\/\",\"name\":\"Biochar Vietnam\",\"description\":\"\",\"publisher\":{\"@id\":\"https:\/\/biocharvietnam.org\/#organization\"},\"potentialAction\":[{\"@type\":\"SearchAction\",\"target\":{\"@type\":\"EntryPoint\",\"urlTemplate\":\"https:\/\/biocharvietnam.org\/?s={search_term_string}\"},\"query-input\":{\"@type\":\"PropertyValueSpecification\",\"valueRequired\":true,\"valueName\":\"search_term_string\"}}],\"inLanguage\":\"vi-VN\"},{\"@type\":\"Organization\",\"@id\":\"https:\/\/biocharvietnam.org\/#organization\",\"name\":\"Biochar Vietnam\",\"url\":\"https:\/\/biocharvietnam.org\/\",\"logo\":{\"@type\":\"ImageObject\",\"inLanguage\":\"vi-VN\",\"@id\":\"https:\/\/biocharvietnam.org\/#\/schema\/logo\/image\/\",\"url\":\"https:\/\/biocharvietnam.org\/wp-content\/uploads\/2023\/10\/logo-final.png\",\"contentUrl\":\"https:\/\/biocharvietnam.org\/wp-content\/uploads\/2023\/10\/logo-final.png\",\"width\":2209,\"height\":615,\"caption\":\"Biochar Vietnam\"},\"image\":{\"@id\":\"https:\/\/biocharvietnam.org\/#\/schema\/logo\/image\/\"}}]}<\/script>\n<!-- \/ Yoast SEO plugin. -->","yoast_head_json":{"title":"C\u00e1c D\u1ef1 \u00e1n c\u1ee7a UNIDO - Biochar Vietnam","robots":{"index":"index","follow":"follow","max-snippet":"max-snippet:-1","max-image-preview":"max-image-preview:large","max-video-preview":"max-video-preview:-1"},"canonical":"https:\/\/biocharvietnam.org\/vi\/nguon-tham-khao\/cac-du-an-cua-unido\/","og_locale":"vi_VN","og_type":"article","og_title":"C\u00e1c D\u1ef1 \u00e1n c\u1ee7a UNIDO - Biochar Vietnam","og_url":"https:\/\/biocharvietnam.org\/vi\/nguon-tham-khao\/cac-du-an-cua-unido\/","og_site_name":"Biochar Vietnam","article_modified_time":"2024-03-14T06:28:03+00:00","og_image":[{"width":400,"height":260,"url":"https:\/\/biocharvietnam.org\/wp-content\/uploads\/2016\/08\/dummy-1.jpg","type":"image\/jpeg"}],"twitter_card":"summary_large_image","schema":{"@context":"https:\/\/schema.org","@graph":[{"@type":"WebPage","@id":"https:\/\/biocharvietnam.org\/vi\/nguon-tham-khao\/cac-du-an-cua-unido\/","url":"https:\/\/biocharvietnam.org\/vi\/nguon-tham-khao\/cac-du-an-cua-unido\/","name":"C\u00e1c D\u1ef1 \u00e1n c\u1ee7a UNIDO - Biochar Vietnam","isPartOf":{"@id":"https:\/\/biocharvietnam.org\/#website"},"primaryImageOfPage":{"@id":"https:\/\/biocharvietnam.org\/vi\/nguon-tham-khao\/cac-du-an-cua-unido\/#primaryimage"},"image":{"@id":"https:\/\/biocharvietnam.org\/vi\/nguon-tham-khao\/cac-du-an-cua-unido\/#primaryimage"},"thumbnailUrl":"https:\/\/biocharvietnam.org\/wp-content\/uploads\/2016\/08\/dummy-1.avif","datePublished":"2024-01-09T18:51:35+00:00","dateModified":"2024-03-14T06:28:03+00:00","breadcrumb":{"@id":"https:\/\/biocharvietnam.org\/vi\/nguon-tham-khao\/cac-du-an-cua-unido\/#breadcrumb"},"inLanguage":"vi-VN","potentialAction":[{"@type":"ReadAction","target":["https:\/\/biocharvietnam.org\/vi\/nguon-tham-khao\/cac-du-an-cua-unido\/"]}]},{"@type":"ImageObject","inLanguage":"vi-VN","@id":"https:\/\/biocharvietnam.org\/vi\/nguon-tham-khao\/cac-du-an-cua-unido\/#primaryimage","url":"https:\/\/biocharvietnam.org\/wp-content\/uploads\/2016\/08\/dummy-1.avif","contentUrl":"https:\/\/biocharvietnam.org\/wp-content\/uploads\/2016\/08\/dummy-1.avif","width":400,"height":260},{"@type":"BreadcrumbList","@id":"https:\/\/biocharvietnam.org\/vi\/nguon-tham-khao\/cac-du-an-cua-unido\/#breadcrumb","itemListElement":[{"@type":"ListItem","position":1,"name":"Home","item":"https:\/\/biocharvietnam.org\/vi\/"},{"@type":"ListItem","position":2,"name":"KI\u1ebeN TH\u1ee8C","item":"https:\/\/biocharvietnam.org\/vi\/nguon-tham-khao\/"},{"@type":"ListItem","position":3,"name":"C\u00e1c D\u1ef1 \u00e1n c\u1ee7a UNIDO"}]},{"@type":"WebSite","@id":"https:\/\/biocharvietnam.org\/#website","url":"https:\/\/biocharvietnam.org\/","name":"Biochar Vietnam","description":"","publisher":{"@id":"https:\/\/biocharvietnam.org\/#organization"},"potentialAction":[{"@type":"SearchAction","target":{"@type":"EntryPoint","urlTemplate":"https:\/\/biocharvietnam.org\/?s={search_term_string}"},"query-input":{"@type":"PropertyValueSpecification","valueRequired":true,"valueName":"search_term_string"}}],"inLanguage":"vi-VN"},{"@type":"Organization","@id":"https:\/\/biocharvietnam.org\/#organization","name":"Biochar Vietnam","url":"https:\/\/biocharvietnam.org\/","logo":{"@type":"ImageObject","inLanguage":"vi-VN","@id":"https:\/\/biocharvietnam.org\/#\/schema\/logo\/image\/","url":"https:\/\/biocharvietnam.org\/wp-content\/uploads\/2023\/10\/logo-final.png","contentUrl":"https:\/\/biocharvietnam.org\/wp-content\/uploads\/2023\/10\/logo-final.png","width":2209,"height":615,"caption":"Biochar Vietnam"},"image":{"@id":"https:\/\/biocharvietnam.org\/#\/schema\/logo\/image\/"}}]}},"_links":{"self":[{"href":"https:\/\/biocharvietnam.org\/vi\/wp-json\/wp\/v2\/pages\/1080","targetHints":{"allow":["GET"]}}],"collection":[{"href":"https:\/\/biocharvietnam.org\/vi\/wp-json\/wp\/v2\/pages"}],"about":[{"href":"https:\/\/biocharvietnam.org\/vi\/wp-json\/wp\/v2\/types\/page"}],"author":[{"embeddable":true,"href":"https:\/\/biocharvietnam.org\/vi\/wp-json\/wp\/v2\/users\/3"}],"replies":[{"embeddable":true,"href":"https:\/\/biocharvietnam.org\/vi\/wp-json\/wp\/v2\/comments?post=1080"}],"version-history":[{"count":0,"href":"https:\/\/biocharvietnam.org\/vi\/wp-json\/wp\/v2\/pages\/1080\/revisions"}],"up":[{"embeddable":true,"href":"https:\/\/biocharvietnam.org\/vi\/wp-json\/wp\/v2\/pages\/1038"}],"wp:featuredmedia":[{"embeddable":true,"href":"https:\/\/biocharvietnam.org\/vi\/wp-json\/wp\/v2\/media\/976"}],"wp:attachment":[{"href":"https:\/\/biocharvietnam.org\/vi\/wp-json\/wp\/v2\/media?parent=1080"}],"curies":[{"name":"wp","href":"https:\/\/api.w.org\/{rel}","templated":true}]}}